{"id":389,"date":"2017-01-25T13:42:23","date_gmt":"2017-01-25T12:42:23","guid":{"rendered":"http:\/\/sailingevents2.cmsp.se\/?page_id=389\/"},"modified":"2017-04-11T13:00:01","modified_gmt":"2017-04-11T11:00:01","slug":"skargardssegling","status":"publish","type":"page","link":"https:\/\/www.sailingevents.se\/en\/aktiviteter\/skargardssegling\/","title":{"rendered":"Cruising"},"content":{"rendered":"<div class=\"wpb-content-wrapper\"><p>[vc_row el_class=&#8221;contentrow&#8221;][vc_column width=&#8221;3\/4&#8243; el_class=&#8221;contentcol&#8221;][vc_column_text]<\/p>\n<h1>Sailing in Stockholm archipelago<\/h1>\n<p>To just relax and enjoy the beatiful scenary as the yachts bow swell is purling is true cruising. As the yacht reaches among the many wonderful islands and the glittering sea. This is by all means breath taking. During our cruise our skipper will guide you to the most wonderful places in the Stockholm archipelago. Make sure you bring your close ones and freinds along. This is something extra ordinary that you would like to share with all of them.[\/vc_column_text][vc_single_image image=&#8221;87&#8243; img_size=&#8221;full&#8221; onclick=&#8221;link_image&#8221;][vc_column_text]<\/p>\n<h2>Sailing with skipper\/guide among 22.000 islands in the Stockholm archipelago.<\/h2>\n<p>At your arrival fresh coffee will be served together with a short brief about the yachts, safety regulations and the suggested route for the day. After that the sails will be hoisted and we set course towards Ladviken were a nice lunch will be served. Alternatively we sail southerly towards N\u00e4mnd\u00f6fj\u00e4rden and Hallsk\u00e4r. Or why not head towards the open horizon and have lunch in the outer archipelago next to Sandhamn. No matter what it will be a most memorable day for all participates and a day to remember for a very long time![\/vc_column_text][vc_single_image image=&#8221;88&#8243; img_size=&#8221;full&#8221; onclick=&#8221;link_image&#8221;][\/vc_column][vc_column width=&#8221;1\/4&#8243; el_class=&#8221;rightcol&#8221;][vc_widget_sidebar sidebar_id=&#8221;vc_widget_2&#8243;][\/vc_column][\/vc_row]<\/p>\n<\/div>","protected":false},"excerpt":{"rendered":"<p>[vc_row el_class=&#8221;contentrow&#8221;][vc_column width=&#8221;3\/4&#8243; el_class=&#8221;contentcol&#8221;][vc_column_text] Sailing in Stockholm archipelago To just relax and enjoy the beatiful scenary as the yachts bow swell is purling is true cruising. As the yacht reaches among the many wonderful islands and the glittering sea. This is by all means breath taking. During our cruise our skipper will guide you to [&hellip;]<\/p>\n","protected":false},"author":4,"featured_media":0,"parent":378,"menu_order":0,"comment_status":"closed","ping_status":"closed","template":"","meta":{"footnotes":""},"class_list":["post-389","page","type-page","status-publish","hentry"],"_links":{"self":[{"href":"https:\/\/www.sailingevents.se\/en\/wp-json\/wp\/v2\/pages\/389","targetHints":{"allow":["GET"]}}],"collection":[{"href":"https:\/\/www.sailingevents.se\/en\/wp-json\/wp\/v2\/pages"}],"about":[{"href":"https:\/\/www.sailingevents.se\/en\/wp-json\/wp\/v2\/types\/page"}],"author":[{"embeddable":true,"href":"https:\/\/www.sailingevents.se\/en\/wp-json\/wp\/v2\/users\/4"}],"replies":[{"embeddable":true,"href":"https:\/\/www.sailingevents.se\/en\/wp-json\/wp\/v2\/comments?post=389"}],"version-history":[{"count":5,"href":"https:\/\/www.sailingevents.se\/en\/wp-json\/wp\/v2\/pages\/389\/revisions"}],"predecessor-version":[{"id":727,"href":"https:\/\/www.sailingevents.se\/en\/wp-json\/wp\/v2\/pages\/389\/revisions\/727"}],"up":[{"embeddable":true,"href":"https:\/\/www.sailingevents.se\/en\/wp-json\/wp\/v2\/pages\/378"}],"wp:attachment":[{"href":"https:\/\/www.sailingevents.se\/en\/wp-json\/wp\/v2\/media?parent=389"}],"curies":[{"name":"wp","href":"https:\/\/api.w.org\/{rel}","templated":true}]}}