{"id":826,"date":"2018-01-03T13:10:53","date_gmt":"2018-01-03T12:10:53","guid":{"rendered":"http:\/\/www.sailingevents.se\/?page_id=826"},"modified":"2018-01-03T13:16:50","modified_gmt":"2018-01-03T12:16:50","slug":"event-company-of-the-year-2017","status":"publish","type":"page","link":"https:\/\/www.sailingevents.se\/en\/event-company-of-the-year-2017\/","title":{"rendered":"Event company of the year 2017"},"content":{"rendered":"<div class=\"wpb-content-wrapper\"><p>[vc_row el_class=&#8221;contentrow&#8221;][vc_column width=&#8221;3\/4&#8243; el_class=&#8221;contentcol&#8221;][vc_column_text]<\/p>\n<h1>Event company of the year 2017<\/h1>\n<p>At the entrepreneurial gala the 16th of november at S\u00e4by Manor, Sailing Events received the award and price for 2017 as the \u201dEvent company of the year\u201d.<\/p>\n<p>Among the organizers where Stockholms chamber of commerce, entrepreneurial compound for V\u00e4rmd\u00f6 and Nacka, Visit V\u00e4rmd\u00f6, archipelago entrepreneurs,, V\u00e4rmd\u00f6 municipality and several local business associations.<\/p>\n<p>\u201dIn hard competition with many good event companies and colleagues, we are of course very happy and proud a day like this. It shows that we are on the right track and that our sailing- and archipelago events are having an overall high standard. A great- warmly thank you to all our dear guests onboard, our coworkers, colleagues and partners that together make this possible as a team. Let\u00b4s go for another 15 years!\u201d commented Thomas Forsberg who founded the company exactly 15 years ago.[\/vc_column_text][vc_single_image image=&#8221;95&#8243; img_size=&#8221;full&#8221; onclick=&#8221;link_image&#8221;][\/vc_column][vc_column width=&#8221;1\/4&#8243; el_class=&#8221;rightcol&#8221;][vc_widget_sidebar sidebar_id=&#8221;vc_widget_2&#8243;][\/vc_column][\/vc_row]<\/p>\n<\/div>","protected":false},"excerpt":{"rendered":"<p>[vc_row el_class=&#8221;contentrow&#8221;][vc_column width=&#8221;3\/4&#8243; el_class=&#8221;contentcol&#8221;][vc_column_text] Event company of the year 2017 At the entrepreneurial gala the 16th of november at S\u00e4by Manor, Sailing Events received the award and price for 2017 as the \u201dEvent company of the year\u201d. Among the organizers where Stockholms chamber of commerce, entrepreneurial compound for V\u00e4rmd\u00f6 and Nacka, Visit V\u00e4rmd\u00f6, archipelago entrepreneurs,, [&hellip;]<\/p>\n","protected":false},"author":4,"featured_media":0,"parent":0,"menu_order":0,"comment_status":"closed","ping_status":"closed","template":"","meta":{"footnotes":""},"class_list":["post-826","page","type-page","status-publish","hentry"],"_links":{"self":[{"href":"https:\/\/www.sailingevents.se\/en\/wp-json\/wp\/v2\/pages\/826","targetHints":{"allow":["GET"]}}],"collection":[{"href":"https:\/\/www.sailingevents.se\/en\/wp-json\/wp\/v2\/pages"}],"about":[{"href":"https:\/\/www.sailingevents.se\/en\/wp-json\/wp\/v2\/types\/page"}],"author":[{"embeddable":true,"href":"https:\/\/www.sailingevents.se\/en\/wp-json\/wp\/v2\/users\/4"}],"replies":[{"embeddable":true,"href":"https:\/\/www.sailingevents.se\/en\/wp-json\/wp\/v2\/comments?post=826"}],"version-history":[{"count":2,"href":"https:\/\/www.sailingevents.se\/en\/wp-json\/wp\/v2\/pages\/826\/revisions"}],"predecessor-version":[{"id":828,"href":"https:\/\/www.sailingevents.se\/en\/wp-json\/wp\/v2\/pages\/826\/revisions\/828"}],"wp:attachment":[{"href":"https:\/\/www.sailingevents.se\/en\/wp-json\/wp\/v2\/media?parent=826"}],"curies":[{"name":"wp","href":"https:\/\/api.w.org\/{rel}","templated":true}]}}